{"id":1142,"date":"2025-12-19T19:23:36","date_gmt":"2025-12-19T18:23:36","guid":{"rendered":"https:\/\/nowakcare.pl\/?page_id=1142"},"modified":"2026-02-19T11:58:33","modified_gmt":"2026-02-19T10:58:33","slug":"nasz-team","status":"publish","type":"page","link":"https:\/\/nowakcare.pl\/ro\/nasz-team\/","title":{"rendered":"Echipa noastr\u0103"},"content":{"rendered":"<div class=\"wp-block-uagb-container uagb-block-1e5d1737 alignfull uagb-is-root-container\"><div class=\"uagb-container-inner-blocks-wrap\">\n<div class=\"wp-block-uagb-advanced-heading uagb-block-fefbb553\"><p class=\"uagb-desc-text\">Echipa noastr\u0103<\/p><h1 class=\"uagb-heading-text\">Cunoa\u0219te\u021bi compania noastr\u0103 pe dinafar\u0103<\/h1><\/div>\n<\/div><\/div>\n\n\n\n<div class=\"wp-block-uagb-container uagb-block-sm0nkt9d alignfull uagb-is-root-container\"><div class=\"uagb-container-inner-blocks-wrap\">\n<div class=\"wp-block-uagb-advanced-heading uagb-block-0o7ufdus\"><h2 class=\"uagb-heading-text\">Face\u021bi cuno\u0219tin\u021b\u0103 cu echipa noastr\u0103<\/h2><\/div>\n\n\n\n<div class=\"wp-block-uagb-container uagb-block-9v31wgcq\">\n<div class=\"wp-block-uagb-container uagb-block-jhi36uz4\">\n<div class=\"wp-block-uagb-image uagb-block-rfkrf7vl wp-block-uagb-image--layout-default wp-block-uagb-image--effect-static wp-block-uagb-image--align-none\"><figure class=\"wp-block-uagb-image__figure\"><img decoding=\"async\" srcset=\"https:\/\/nowakcare.pl\/wp-content\/uploads\/2026\/02\/WhatsApp-Image-2026-02-04-at-17.00.37-683x1024.jpeg ,https:\/\/nowakcare.pl\/wp-content\/uploads\/2026\/02\/WhatsApp-Image-2026-02-04-at-17.00.37.jpeg 780w, https:\/\/nowakcare.pl\/wp-content\/uploads\/2026\/02\/WhatsApp-Image-2026-02-04-at-17.00.37.jpeg 360w\" sizes=\"auto, (max-width: 480px) 150px\" src=\"https:\/\/nowakcare.pl\/wp-content\/uploads\/2026\/02\/WhatsApp-Image-2026-02-04-at-17.00.37-683x1024.jpeg\" alt=\"whatsapp image 2026 02 04 at 17.00.37\" class=\"uag-image-1199\" width=\"368\" height=\"460\" title=\"imagine whatsapp 2026 02 04 la 17.00.37\" loading=\"lazy\" role=\"img\"\/><\/figure><\/div>\n\n\n\n<div class=\"wp-block-uagb-advanced-heading uagb-block-o1ccvkfm\"><p class=\"uagb-heading-text\">Iwona Kiel<\/p><p class=\"uagb-desc-text\">\u0218ef de recrutare \u0219i coordonare<br>Iwona este responsabil\u0103 de recrutarea cuprinz\u0103toare a \u00eengrijitorilor de b\u0103tr\u00e2ni \u0219i de coordonarea continu\u0103 a cooper\u0103rii \u00een fiecare etap\u0103 a misiunii. Ea se implic\u0103 \u00een procesul de recrutare, av\u00e2nd grij\u0103 at\u00e2t de calitatea \u00eenalt\u0103 a selec\u021biei candida\u021bilor, c\u00e2t \u0219i de buna lor preg\u0103tire pentru munc\u0103.<br>\u00cen activitatea sa de zi cu zi, se concentreaz\u0103 pe o comunicare clar\u0103, o abordare partenerial\u0103 \u0219i un sprijin individual pentru \u00eengrijitori - de la primul contact p\u00e2n\u0103 la plecare \u0219i \u00eengrijire \u00een timpul misiunii. De asemenea, asigur\u0103 buna organizare a documentelor \u0219i buna cooperare \u00eentre echipa de recrutare \u0219i clien\u021bi.<br>Iwona este o verig\u0103 important\u0103 \u00een echipa noastr\u0103 - ea combin\u0103 profesionalismul, empatia \u0219i organizarea excelent\u0103 pentru a face ca \u00eengrijitorii s\u0103 se simt\u0103 \u00een siguran\u021b\u0103, iar procesele de recrutare s\u0103 se desf\u0103\u0219oare f\u0103r\u0103 probleme \u0219i eficient<\/p><\/div>\n<\/div>\n\n\n\n<div class=\"wp-block-uagb-container uagb-block-b5woq3rc\">\n<div class=\"wp-block-uagb-image uagb-block-tsmhqvie wp-block-uagb-image--layout-default wp-block-uagb-image--effect-static wp-block-uagb-image--align-none\"><figure class=\"wp-block-uagb-image__figure\"><img decoding=\"async\" srcset=\"https:\/\/nowakcare.pl\/wp-content\/uploads\/2026\/02\/WhatsApp-Image-2026-02-04-at-17.01.15-683x1024.jpeg ,https:\/\/nowakcare.pl\/wp-content\/uploads\/2026\/02\/WhatsApp-Image-2026-02-04-at-17.01.15.jpeg 780w, https:\/\/nowakcare.pl\/wp-content\/uploads\/2026\/02\/WhatsApp-Image-2026-02-04-at-17.01.15.jpeg 360w\" sizes=\"auto, (max-width: 480px) 150px\" src=\"https:\/\/nowakcare.pl\/wp-content\/uploads\/2026\/02\/WhatsApp-Image-2026-02-04-at-17.01.15-683x1024.jpeg\" alt=\"whatsapp image 2026 02 04 at 17.01.15\" class=\"uag-image-1200\" width=\"368\" height=\"460\" title=\"whatsapp imagine 2026 02 04 la 17.01.15\" loading=\"lazy\" role=\"img\"\/><\/figure><\/div>\n\n\n\n<div class=\"wp-block-uagb-advanced-heading uagb-block-3xflc2eb\"><p class=\"uagb-heading-text\">Lidia Popa<\/p><p class=\"uagb-desc-text\">Specialist recrutare | pia\u021ba din Rom\u00e2nia<br>Lidia este responsabil\u0103 de recrutarea angaja\u021bilor rom\u00e2ni, \u00een special a \u00eengrijitorilor de b\u0103tr\u00e2ni. Ea conduce procesele de recrutare cu mare dedicare, av\u00e2nd grij\u0103 de selec\u021bia atent\u0103 a candida\u021bilor \u0219i de preg\u0103tirea lor adecvat\u0103 pentru locul de munc\u0103.<br>O parte important\u0103 a activit\u0103\u021bii sale este \u0219i furnizarea de cursuri de prim ajutor, prin care viitorii \u00eengrijitori dob\u00e2ndesc nu numai cuno\u0219tin\u021be teoretice, ci \u0219i abilit\u0103\u021bile practice necesare \u00een \u00eengrijirea zilnic\u0103 a persoanelor \u00een v\u00e2rst\u0103.<br>Lidia se remarc\u0103 prin seriozitate, calm \u0219i un contact excelent cu candida\u021bii. Datorit\u0103 sprijinului ei, procesul de recrutare se desf\u0103\u0219oar\u0103 f\u0103r\u0103 probleme, iar angaja\u021bii se simt \u00eencrez\u0103tori \u0219i \u00een siguran\u021b\u0103 \u00eenc\u0103 din prima zi de colaborare<\/p><\/div>\n<\/div>\n\n\n\n<div class=\"wp-block-uagb-container uagb-block-7a8024bd\">\n<div class=\"wp-block-uagb-image uagb-block-730fa4fd wp-block-uagb-image--layout-default wp-block-uagb-image--effect-static wp-block-uagb-image--align-none\"><figure class=\"wp-block-uagb-image__figure\"><img decoding=\"async\" srcset=\"https:\/\/nowakcare.pl\/wp-content\/uploads\/2026\/02\/WhatsApp-Image-2026-02-04-at-21.58.00-683x1024.jpeg ,https:\/\/nowakcare.pl\/wp-content\/uploads\/2026\/02\/WhatsApp-Image-2026-02-04-at-21.58.00.jpeg 780w, https:\/\/nowakcare.pl\/wp-content\/uploads\/2026\/02\/WhatsApp-Image-2026-02-04-at-21.58.00.jpeg 360w\" sizes=\"auto, (max-width: 480px) 150px\" src=\"https:\/\/nowakcare.pl\/wp-content\/uploads\/2026\/02\/WhatsApp-Image-2026-02-04-at-21.58.00-683x1024.jpeg\" alt=\"whatsapp image 2026 02 04 at 21.58.00\" class=\"uag-image-1208\" width=\"368\" height=\"460\" title=\"whatsapp imagine 2026 02 04 la 21.58.00\" loading=\"lazy\" role=\"img\"\/><\/figure><\/div>\n\n\n\n<div class=\"wp-block-uagb-advanced-heading uagb-block-f87c289f\"><p class=\"uagb-heading-text\">Piotr Nowak<\/p><p class=\"uagb-desc-text\">Proprietarul companiei<br>Piotr Nowak este proprietarul societ\u0103\u021bii \u0219i este responsabil de gestionarea general\u0103 a afacerii. El se ocup\u0103 de aspectele contabile, financiare \u0219i de organizarea zilnic\u0103 a activit\u0103\u021bii societ\u0103\u021bii. El supravegheaz\u0103 principalele procese opera\u021bionale, asigur\u0103 stabilitatea financiar\u0103 \u0219i buna func\u021bionare a societ\u0103\u021bii. Datorit\u0103 experien\u021bei \u0219i angajamentului s\u0103u, el asigur\u0103 buna func\u021bionare a societ\u0103\u021bii \u0219i dezvoltarea sa ulterioar\u0103.<\/p><\/div>\n<\/div>\n<\/div>\n<\/div><\/div>\n\n\n\n<div class=\"wp-block-uagb-container uagb-block-1f29a07c alignfull uagb-is-root-container\"><div class=\"uagb-container-inner-blocks-wrap\">\n<div class=\"wp-block-uagb-container uagb-block-0dd2ff92\">\n<div class=\"wp-block-uagb-container uagb-block-577eab28\">\n<div class=\"wp-block-uagb-image uagb-block-9579a312 wp-block-uagb-image--layout-default wp-block-uagb-image--effect-static wp-block-uagb-image--align-none\"><figure class=\"wp-block-uagb-image__figure\"><img decoding=\"async\" srcset=\"https:\/\/nowakcare.pl\/wp-content\/uploads\/2026\/02\/WhatsApp-Image-2026-02-19-at-11.15.09.jpeg ,https:\/\/nowakcare.pl\/wp-content\/uploads\/2026\/02\/WhatsApp-Image-2026-02-19-at-11.15.09.jpeg 780w, https:\/\/nowakcare.pl\/wp-content\/uploads\/2026\/02\/WhatsApp-Image-2026-02-19-at-11.15.09.jpeg 360w\" sizes=\"auto, (max-width: 480px) 150px\" src=\"https:\/\/nowakcare.pl\/wp-content\/uploads\/2026\/02\/WhatsApp-Image-2026-02-19-at-11.15.09.jpeg\" alt=\"whatsapp image 2026 02 19 at 11.15.09\" class=\"uag-image-1234\" width=\"368\" height=\"460\" title=\"whatsapp image 2026 02 19 at 11.15.09\" loading=\"lazy\" role=\"img\"\/><\/figure><\/div>\n\n\n\n<div class=\"wp-block-uagb-advanced-heading uagb-block-9b620c38\"><p class=\"uagb-heading-text\">Kinga zio\u0142o<\/p><p class=\"uagb-desc-text\">Kinga Zio\u0142o ma 28 lat i jest osob\u0105 otwart\u0105, serdeczn\u0105 oraz nastawion\u0105 na ludzi. Z \u0142atwo\u015bci\u0105 nawi\u0105zuje relacje i dobrze odnajduje si\u0119 w pracy z r\u00f3\u017cnymi \u015brodowiskami.<br>Na co dzie\u0144 pracuje jako koordynator ds. opiekunek, gdzie zajmuje si\u0119 rekrutacj\u0105 oraz wsparciem os\u00f3b zainteresowanych prac\u0105 w opiece. Towarzyszy kandydatom na ka\u017cdym etapie \u2013 od pierwszego kontaktu, przez proces rekrutacyjny, a\u017c po rozpocz\u0119cie pracy, dbaj\u0105c o dobr\u0105 komunikacj\u0119 i poczucie bezpiecze\u0144stwa.<br>Pos\u0142uguje si\u0119 j\u0119zykiem polskim, niemieckim, rumu\u0144skim i alba\u0144skim, a tak\u017ce komunikuje si\u0119 w j\u0119zyku angielskim oraz w\u0142oskim. Ceni szczero\u015b\u0107, dobr\u0105 atmosfer\u0119 oraz rozw\u00f3j osobisty<\/p><\/div>\n<\/div>\n<\/div>\n<\/div><\/div>","protected":false},"excerpt":{"rendered":"<p>Nasz team Poznaj nasz\u0105 firme od \u015brodka Poznaj nasz zesp\u00f3\u0142 Iwona Kiel Kierownik ds. Rekrutacji i KoordynacjiIwona odpowiada za kompleksow\u0105 [&hellip;]<\/p>","protected":false},"author":1,"featured_media":0,"parent":0,"menu_order":0,"comment_status":"closed","ping_status":"closed","template":"","meta":{"_uag_custom_page_level_css":"","site-sidebar-layout":"default","site-content-layout":"","ast-site-content-layout":"default","site-content-style":"default","site-sidebar-style":"default","ast-global-header-display":"","ast-banner-title-visibility":"","ast-main-header-display":"","ast-hfb-above-header-display":"","ast-hfb-below-header-display":"","ast-hfb-mobile-header-display":"","site-post-title":"disabled","ast-breadcrumbs-content":"","ast-featured-img":"","footer-sml-layout":"","theme-transparent-header-meta":"","adv-header-id-meta":"","stick-header-meta":"","header-above-stick-meta":"","header-main-stick-meta":"","header-below-stick-meta":"","astra-migrate-meta-layouts":"default","ast-page-background-enabled":"default","ast-page-background-meta":{"desktop":{"background-color":"var(--ast-global-color-4)","background-image":"","background-repeat":"repeat","background-position":"center center","background-size":"auto","background-attachment":"scroll","background-type":"","background-media":"","overlay-type":"","overlay-color":"","overlay-opacity":"","overlay-gradient":""},"tablet":{"background-color":"","background-image":"","background-repeat":"repeat","background-position":"center center","background-size":"auto","background-attachment":"scroll","background-type":"","background-media":"","overlay-type":"","overlay-color":"","overlay-opacity":"","overlay-gradient":""},"mobile":{"background-color":"","background-image":"","background-repeat":"repeat","background-position":"center center","background-size":"auto","background-attachment":"scroll","background-type":"","background-media":"","overlay-type":"","overlay-color":"","overlay-opacity":"","overlay-gradient":""}},"ast-content-background-meta":{"desktop":{"background-color":"var(--ast-global-color-5)","background-image":"","background-repeat":"repeat","background-position":"center center","background-size":"auto","background-attachment":"scroll","background-type":"","background-media":"","overlay-type":"","overlay-color":"","overlay-opacity":"","overlay-gradient":""},"tablet":{"background-color":"var(--ast-global-color-5)","background-image":"","background-repeat":"repeat","background-position":"center center","background-size":"auto","background-attachment":"scroll","background-type":"","background-media":"","overlay-type":"","overlay-color":"","overlay-opacity":"","overlay-gradient":""},"mobile":{"background-color":"var(--ast-global-color-5)","background-image":"","background-repeat":"repeat","background-position":"center center","background-size":"auto","background-attachment":"scroll","background-type":"","background-media":"","overlay-type":"","overlay-color":"","overlay-opacity":"","overlay-gradient":""}},"footnotes":""},"class_list":["post-1142","page","type-page","status-publish","hentry"],"uagb_featured_image_src":{"full":false,"thumbnail":false,"medium":false,"medium_large":false,"large":false,"1536x1536":false,"2048x2048":false,"trp-custom-language-flag":false},"uagb_author_info":{"display_name":"oskar@milkowski.pro","author_link":"https:\/\/nowakcare.pl\/ro\/author\/oskarmilkowski-pro\/"},"uagb_comment_info":0,"uagb_excerpt":"Nasz team Poznaj nasz\u0105 firme od \u015brodka Poznaj nasz zesp\u00f3\u0142 Iwona Kiel Kierownik ds. Rekrutacji i KoordynacjiIwona odpowiada za kompleksow\u0105 [&hellip;]","_links":{"self":[{"href":"https:\/\/nowakcare.pl\/ro\/wp-json\/wp\/v2\/pages\/1142","targetHints":{"allow":["GET"]}}],"collection":[{"href":"https:\/\/nowakcare.pl\/ro\/wp-json\/wp\/v2\/pages"}],"about":[{"href":"https:\/\/nowakcare.pl\/ro\/wp-json\/wp\/v2\/types\/page"}],"author":[{"embeddable":true,"href":"https:\/\/nowakcare.pl\/ro\/wp-json\/wp\/v2\/users\/1"}],"replies":[{"embeddable":true,"href":"https:\/\/nowakcare.pl\/ro\/wp-json\/wp\/v2\/comments?post=1142"}],"version-history":[{"count":6,"href":"https:\/\/nowakcare.pl\/ro\/wp-json\/wp\/v2\/pages\/1142\/revisions"}],"predecessor-version":[{"id":1235,"href":"https:\/\/nowakcare.pl\/ro\/wp-json\/wp\/v2\/pages\/1142\/revisions\/1235"}],"wp:attachment":[{"href":"https:\/\/nowakcare.pl\/ro\/wp-json\/wp\/v2\/media?parent=1142"}],"curies":[{"name":"wp","href":"https:\/\/api.w.org\/{rel}","templated":true}]}}