{"id":282,"date":"2025-12-18T18:35:45","date_gmt":"2025-12-18T17:35:45","guid":{"rendered":"https:\/\/nowakcare.pl\/home\/"},"modified":"2025-12-18T20:05:06","modified_gmt":"2025-12-18T19:05:06","slug":"home","status":"publish","type":"page","link":"https:\/\/nowakcare.pl\/ro\/","title":{"rendered":"Home"},"content":{"rendered":"<div class=\"wp-block-uagb-container uagb-block-1e5d1737 alignfull uagb-is-root-container\"><div class=\"uagb-container-inner-blocks-wrap\">\n<div class=\"wp-block-uagb-info-box uagb-block-cc9d733a uagb-infobox__content-wrap  uagb-infobox-icon-above-title uagb-infobox-image-valign-top\"><div class=\"uagb-ifb-content\"><div class=\"uagb-ifb-title-wrap\"><h1 class=\"uagb-ifb-title\">\u00cengrijire \u00een care pute\u021bi avea \u00eencredere<\/h1><\/div><p class=\"uagb-ifb-desc\">Sprijinim persoanele \u00een v\u00e2rst\u0103 \u0219i cet\u0103\u021benii \u00een v\u00e2rst\u0103 prin oferirea de \u00eengrijitori profesioni\u0219ti \u00een Germania. Ave\u021bi \u00eencredere \u00een experien\u021ba noastr\u0103.<\/p><div class=\"uagb-ifb-button-wrapper wp-block-button\"><a href=\"\/ro\/contact\/\" class=\"uagb-infobox-cta-link wp-block-button__link\" target=\"_self\" rel=\"noopener noreferrer\" onclick=\"return true;\"><span class=\"uagb-inline-editing\">Angaja\u021bi-v\u0103 acum<\/span><\/a><\/div><\/div><\/div>\n<\/div><\/div>\n\n\n\n<div class=\"wp-block-uagb-container uagb-block-da6f24cd alignfull uagb-is-root-container\"><div class=\"uagb-container-inner-blocks-wrap\">\n<div class=\"wp-block-uagb-advanced-heading uagb-block-c8330bd6\"><p class=\"uagb-desc-text\">Despre noi<\/p><h2 class=\"uagb-heading-text\">De ce s\u0103 alege\u021bi NowakCare.ro ca agen\u021bie de recrutare?<\/h2><\/div>\n\n\n\n<div class=\"wp-block-uagb-container uagb-block-29c74af9\">\n<div class=\"wp-block-uagb-advanced-heading uagb-block-23c95072\"><p class=\"uagb-heading-text\">NowakCare.co.uk este o agen\u021bie de recrutare de \u00eencredere care asociaz\u0103 \u00eengrijitori cu experien\u021b\u0103 cu persoane \u00een v\u00e2rst\u0103, asigur\u00e2nd cele mai bune standarde de \u00eengrijire.<\/p><\/div>\n\n\n\n<div class=\"wp-block-uagb-advanced-heading uagb-block-af8e0f11\"><p class=\"uagb-heading-text\">Abordarea noastr\u0103 se bazeaz\u0103 pe nevoile individuale ale angaja\u021bilor \u0219i seniorilor, asigur\u00e2nd satisfac\u021bia \u0219i eficien\u021ba.<\/p><\/div>\n<\/div>\n\n\n\n<div class=\"wp-block-uagb-container uagb-block-75936b61\">\n<div class=\"wp-block-uagb-image uagb-block-3cc927cb wp-block-uagb-image--layout-default wp-block-uagb-image--effect-static wp-block-uagb-image--align-none\"><figure class=\"wp-block-uagb-image__figure\"><img decoding=\"async\" srcset=\"https:\/\/nowakcare.pl\/wp-content\/uploads\/2025\/12\/pexels-photo-5989924.jpeg ,https:\/\/nowakcare.pl\/wp-content\/uploads\/2025\/12\/pexels-photo-5989924.jpeg 780w, https:\/\/nowakcare.pl\/wp-content\/uploads\/2025\/12\/pexels-photo-5989924.jpeg 360w\" sizes=\"auto, (max-width: 480px) 150px\" src=\"https:\/\/nowakcare.pl\/wp-content\/uploads\/2025\/12\/pexels-photo-5989924.jpeg\" alt=\"A senior woman being interviewed indoors with her resume displayed.\" class=\"uag-image-74\" width=\"182\" height=\"250\" title=\"despre-02\" loading=\"lazy\" role=\"img\"\/><\/figure><\/div>\n\n\n\n<div class=\"wp-block-uagb-image uagb-block-c2d11615 wp-block-uagb-image--layout-default wp-block-uagb-image--effect-static wp-block-uagb-image--align-none\"><figure class=\"wp-block-uagb-image__figure\"><img decoding=\"async\" srcset=\"https:\/\/nowakcare.pl\/wp-content\/uploads\/2025\/12\/pexels-photo-4344106.jpeg ,https:\/\/nowakcare.pl\/wp-content\/uploads\/2025\/12\/pexels-photo-4344106.jpeg 780w, https:\/\/nowakcare.pl\/wp-content\/uploads\/2025\/12\/pexels-photo-4344106.jpeg 360w\" sizes=\"auto, (max-width: 480px) 150px\" src=\"https:\/\/nowakcare.pl\/wp-content\/uploads\/2025\/12\/pexels-photo-4344106.jpeg\" alt=\"A professional woman in an office setting conducting an interview with confidence.\" class=\"uag-image-75\" width=\"234\" height=\"200\" title=\"despre-03\" loading=\"lazy\" role=\"img\"\/><\/figure><\/div>\n\n\n\n<div class=\"wp-block-uagb-image uagb-block-d8e6d73b wp-block-uagb-image--layout-default wp-block-uagb-image--effect-static wp-block-uagb-image--align-none\"><figure class=\"wp-block-uagb-image__figure\"><img decoding=\"async\" srcset=\"https:\/\/nowakcare.pl\/wp-content\/uploads\/2025\/12\/pexels-photo-5439443.jpeg ,https:\/\/nowakcare.pl\/wp-content\/uploads\/2025\/12\/pexels-photo-5439443.jpeg 780w, https:\/\/nowakcare.pl\/wp-content\/uploads\/2025\/12\/pexels-photo-5439443.jpeg 360w\" sizes=\"auto, (max-width: 480px) 150px\" src=\"https:\/\/nowakcare.pl\/wp-content\/uploads\/2025\/12\/pexels-photo-5439443.jpeg\" alt=\"Businessman in a suit with clipboard and pen in an office environment.\" class=\"uag-image-76\" width=\"380\" height=\"300\" title=\"despre-04\" loading=\"lazy\" role=\"img\"\/><\/figure><\/div>\n\n\n\n<div class=\"wp-block-uagb-image uagb-block-179773c1 wp-block-uagb-image--layout-default wp-block-uagb-image--effect-static wp-block-uagb-image--align-none\"><figure class=\"wp-block-uagb-image__figure\"><img decoding=\"async\" srcset=\"https:\/\/nowakcare.pl\/wp-content\/uploads\/2025\/12\/pexels-photo-5989934.jpeg ,https:\/\/nowakcare.pl\/wp-content\/uploads\/2025\/12\/pexels-photo-5989934.jpeg 780w, https:\/\/nowakcare.pl\/wp-content\/uploads\/2025\/12\/pexels-photo-5989934.jpeg 360w\" sizes=\"auto, (max-width: 480px) 150px\" src=\"https:\/\/nowakcare.pl\/wp-content\/uploads\/2025\/12\/pexels-photo-5989934.jpeg\" alt=\"Two women discuss business in a stylish office hallway with glass doors and modern decor.\" class=\"uag-image-77\" width=\"330\" height=\"200\" title=\"despre-01\" loading=\"lazy\" role=\"img\"\/><\/figure><\/div>\n<\/div>\n<\/div><\/div>\n\n\n\n<div class=\"wp-block-uagb-container uagb-block-e8fc30f4 alignfull uagb-is-root-container\"><div class=\"uagb-container-inner-blocks-wrap\">\n<div class=\"wp-block-uagb-separator uagb-block-c890a0e3\"><div class=\"uagb-separator-spacing-wrapper\"><div class=\"wp-block-uagb-separator__inner\" style=\"--my-background-image:\"><\/div><\/div><\/div>\n\n\n\n<div class=\"wp-block-uagb-advanced-heading uagb-block-4f6acc49\"><p class=\"uagb-desc-text\">Serviciile noastre<\/p><h2 class=\"uagb-heading-text\">Servicii cheie de \u00eengrijire pentru seniori<\/h2><\/div>\n\n\n\n<div class=\"wp-block-uagb-container uagb-block-1e00a9da\">\n<div class=\"wp-block-uagb-image uagb-block-2acfa94e wp-block-uagb-image--layout-default wp-block-uagb-image--effect-static wp-block-uagb-image--align-none\"><figure class=\"wp-block-uagb-image__figure\"><img decoding=\"async\" srcset=\"https:\/\/nowakcare.pl\/wp-content\/uploads\/2025\/12\/pexels-photo-4344878.jpeg ,https:\/\/nowakcare.pl\/wp-content\/uploads\/2025\/12\/pexels-photo-4344878.jpeg 780w, https:\/\/nowakcare.pl\/wp-content\/uploads\/2025\/12\/pexels-photo-4344878.jpeg 360w\" sizes=\"auto, (max-width: 480px) 150px\" src=\"https:\/\/nowakcare.pl\/wp-content\/uploads\/2025\/12\/pexels-photo-4344878.jpeg\" alt=\"A woman in a business suit participates in a job interview, showcasing professionalism and modern office environment.\" class=\"uag-image-78\" width=\"384\" height=\"290\" title=\"servicii-01\" loading=\"lazy\" role=\"img\"\/><\/figure><\/div>\n\n\n\n<div class=\"wp-block-uagb-info-box uagb-block-8bca7b86 uagb-infobox__content-wrap  uagb-infobox-icon-above-title uagb-infobox-image-valign-top\"><div class=\"uagb-ifb-content\"><div class=\"uagb-ifb-title-wrap\"><span class=\"uagb-ifb-title-prefix\">01<\/span><h3 class=\"uagb-ifb-title\">Recrutarea \u00eengrijitorilor<\/h3><\/div><p class=\"uagb-ifb-desc\">Angaj\u0103m \u00eengrijitori califica\u021bi pentru persoanele \u00een v\u00e2rst\u0103.<\/p><\/div><\/div>\n<\/div>\n\n\n\n<div class=\"wp-block-uagb-container uagb-block-c6ae55bb\">\n<div class=\"wp-block-uagb-image uagb-block-937370bc wp-block-uagb-image--layout-default wp-block-uagb-image--effect-static wp-block-uagb-image--align-none\"><figure class=\"wp-block-uagb-image__figure\"><img decoding=\"async\" srcset=\"https:\/\/nowakcare.pl\/wp-content\/uploads\/2025\/12\/pexels-photo-5989927.jpeg ,https:\/\/nowakcare.pl\/wp-content\/uploads\/2025\/12\/pexels-photo-5989927.jpeg 780w, https:\/\/nowakcare.pl\/wp-content\/uploads\/2025\/12\/pexels-photo-5989927.jpeg 360w\" sizes=\"auto, (max-width: 480px) 150px\" src=\"https:\/\/nowakcare.pl\/wp-content\/uploads\/2025\/12\/pexels-photo-5989927.jpeg\" alt=\"Two diverse businesswomen in a stylish office shaking hands under a 'Good Vibes Only' sign.\" class=\"uag-image-79\" width=\"384\" height=\"290\" title=\"servicii-02\" loading=\"lazy\" role=\"img\"\/><\/figure><\/div>\n\n\n\n<div class=\"wp-block-uagb-info-box uagb-block-01946041 uagb-infobox__content-wrap  uagb-infobox-icon-above-title uagb-infobox-image-valign-top\"><div class=\"uagb-ifb-content\"><div class=\"uagb-ifb-title-wrap\"><span class=\"uagb-ifb-title-prefix\">02<\/span><h3 class=\"uagb-ifb-title\">Sprijin pentru \u00eengrijitori<\/h3><\/div><p class=\"uagb-ifb-desc\">Oferim asisten\u021b\u0103 \u0219i consiliere angaja\u021bilor no\u0219tri.<\/p><\/div><\/div>\n<\/div>\n\n\n\n<div class=\"wp-block-uagb-container uagb-block-32ab2baa\">\n<div class=\"wp-block-uagb-image uagb-block-8e3729f7 wp-block-uagb-image--layout-default wp-block-uagb-image--effect-static wp-block-uagb-image--align-none\"><figure class=\"wp-block-uagb-image__figure\"><img decoding=\"async\" srcset=\"https:\/\/nowakcare.pl\/wp-content\/uploads\/2025\/12\/pexels-photo-4344860.jpeg ,https:\/\/nowakcare.pl\/wp-content\/uploads\/2025\/12\/pexels-photo-4344860.jpeg 780w, https:\/\/nowakcare.pl\/wp-content\/uploads\/2025\/12\/pexels-photo-4344860.jpeg 360w\" sizes=\"auto, (max-width: 480px) 150px\" src=\"https:\/\/nowakcare.pl\/wp-content\/uploads\/2025\/12\/pexels-photo-4344860.jpeg\" alt=\"Colleagues in an office celebrating a successful negotiation with a handshake.\" class=\"uag-image-80\" width=\"384\" height=\"290\" title=\"servicii-03\" loading=\"lazy\" role=\"img\"\/><\/figure><\/div>\n\n\n\n<div class=\"wp-block-uagb-info-box uagb-block-7e775245 uagb-infobox__content-wrap  uagb-infobox-icon-above-title uagb-infobox-image-valign-top\"><div class=\"uagb-ifb-content\"><div class=\"uagb-ifb-title-wrap\"><span class=\"uagb-ifb-title-prefix\">03<\/span><h3 class=\"uagb-ifb-title\">Oportunit\u0103\u021bi de angajare<\/h3><\/div><p class=\"uagb-ifb-desc\">Oportunit\u0103\u021bi de angajare adaptate pentru \u00eengrijitori.<\/p><\/div><\/div>\n<\/div>\n<\/div><\/div>\n\n\n\n<div class=\"wp-block-uagb-container uagb-block-a79fbe43 alignfull uagb-is-root-container\"><div class=\"uagb-container-inner-blocks-wrap\"><\/div><\/div>\n\n\n\n<div class=\"wp-block-uagb-container uagb-block-6bf09454 alignfull uagb-is-root-container\"><div class=\"uagb-container-inner-blocks-wrap\">\n<div class=\"wp-block-uagb-call-to-action uagb-block-83ea0154 wp-block-button\"><div class=\"uagb-cta__wrap\"><h3 class=\"uagb-cta__title\">Al\u0103tura\u021bi-v\u0103 echipei noastre de \u00eengrijitori<\/h3><p class=\"uagb-cta__desc\">Contacta\u021bi-ne pentru a afla mai multe!<\/p><\/div><div class=\"uagb-cta__buttons\"><a href=\"\/ro\/contact\/\" class=\"uagb-cta__button-link-wrapper wp-block-button__link\" target=\"_self\" rel=\"noopener noreferrer\">Angaja\u021bi acum<\/a><\/div><\/div>\n<\/div><\/div>\n\n\n\n<div class=\"wp-block-uagb-container uagb-block-4062d932 alignfull uagb-is-root-container\"><div class=\"uagb-container-inner-blocks-wrap\">\n<div class=\"wp-block-uagb-container uagb-layout-flex uagb-block-188bf86b\">\n<div class=\"wp-block-uagb-image alignright uagb-block-4ec4096e wp-block-uagb-image--layout-default wp-block-uagb-image--effect-static wp-block-uagb-image--align-right\"><figure class=\"wp-block-uagb-image__figure\"><img decoding=\"async\" srcset=\"https:\/\/nowakcare.pl\/wp-content\/uploads\/2025\/12\/pexels-photo-5989928.jpeg ,https:\/\/nowakcare.pl\/wp-content\/uploads\/2025\/12\/pexels-photo-5989928.jpeg 780w, https:\/\/nowakcare.pl\/wp-content\/uploads\/2025\/12\/pexels-photo-5989928.jpeg 360w\" sizes=\"auto, (max-width: 480px) 150px\" src=\"https:\/\/nowakcare.pl\/wp-content\/uploads\/2025\/12\/pexels-photo-5989928.jpeg\" alt=\"Two professional women engaged in a business discussion indoors with documents.\" class=\"uag-image-73\" width=\"200\" height=\"150\" title=\"why-choose-us-02\" loading=\"lazy\" role=\"img\"\/><\/figure><\/div>\n<\/div>\n\n\n\n<div class=\"wp-block-uagb-container uagb-block-58485396\">\n<div class=\"wp-block-uagb-advanced-heading uagb-block-afddea9c\"><h2 class=\"uagb-heading-text\">De ce noi?<\/h2><p class=\"uagb-desc-text\">Oferim valori unice care ne diferen\u021biaz\u0103 de concuren\u021b\u0103.<\/p><\/div>\n\n\n\n<div class=\"wp-block-uagb-info-box uagb-block-b0b4de7f uagb-infobox__content-wrap  uagb-infobox-icon-left-title uagb-infobox-left uagb-infobox-image-valign-top\"><div class=\"uagb-ifb-content\"><div class=\"uagb-ifb-left-title-image\"><div class=\"uagb-ifb-icon-wrap\"><svg xmlns=\"https:\/\/www.w3.org\/2000\/svg\" viewbox=\"0 0 448 512\"><path d=\"M400 288h-352c-17.69 0-32-14.32-32-32.01s14.31-31.99 32-31.99h352c17.69 0 32 14.3 32 31.99S417.7 288 400 288z\"><\/path><\/svg><\/div><div class=\"uagb-ifb-title-wrap\"><p class=\"uagb-ifb-title\">Profesionalism<\/p><\/div><\/div><p class=\"uagb-ifb-desc\">\u00cengrijitorii no\u0219tri sunt atent selecta\u021bi pentru a oferi cel mai \u00eenalt nivel de servicii, respect\u00e2nd toate standardele de calitate.<\/p><\/div><\/div>\n\n\n\n<div class=\"wp-block-uagb-info-box uagb-block-b1107157 uagb-infobox__content-wrap  uagb-infobox-icon-left-title uagb-infobox-left uagb-infobox-image-valign-top\"><div class=\"uagb-ifb-content\"><div class=\"uagb-ifb-left-title-image\"><div class=\"uagb-ifb-icon-wrap\"><svg xmlns=\"https:\/\/www.w3.org\/2000\/svg\" viewbox=\"0 0 448 512\"><path d=\"M400 288h-352c-17.69 0-32-14.32-32-32.01s14.31-31.99 32-31.99h352c17.69 0 32 14.3 32 31.99S417.7 288 400 288z\"><\/path><\/svg><\/div><div class=\"uagb-ifb-title-wrap\"><p class=\"uagb-ifb-title\">Abordare individual\u0103<\/p><\/div><\/div><p class=\"uagb-ifb-desc\">Noi adapt\u0103m ofertele de locuri de munc\u0103 la nevoile \u0219i competen\u021bele angaja\u021bilor no\u0219tri, permi\u021b\u00e2nd o potrivire optim\u0103.<\/p><\/div><\/div>\n\n\n\n<div class=\"wp-block-uagb-buttons uagb-buttons__outer-wrap uagb-btn__default-btn uagb-btn-tablet__default-btn uagb-btn-mobile__default-btn uagb-block-55c87742\"><div class=\"uagb-buttons__wrap uagb-buttons-layout-wrap\">\n<div class=\"wp-block-uagb-buttons-child uagb-buttons__outer-wrap uagb-block-ce807146 wp-block-button\"><div class=\"uagb-button__wrapper\"><a class=\"uagb-buttons-repeater wp-block-button__link\" aria-label=\"\" href=\"\/ro\/about\/\" rel=\"follow noopener\" target=\"_self\" role=\"button\"><div class=\"uagb-button__link\">Cite\u0219te mai mult<\/div><\/a><\/div><\/div>\n<\/div><\/div>\n<\/div>\n<\/div><\/div>\n\n\n\n<div class=\"wp-block-uagb-container uagb-layout-grid uagb-block-537ac0b7 alignfull uagb-is-root-container\"><div class=\"uagb-container-inner-blocks-wrap\">\n<div class=\"wp-block-uagb-container uagb-layout-grid uagb-block-95474579\">\n<div class=\"wp-block-uagb-advanced-heading uagb-block-99e463d3\"><h3 class=\"uagb-heading-text\">De ce s\u0103 ave\u021bi \u00eencredere \u00een noi?<\/h3><\/div>\n<\/div>\n\n\n\n<div class=\"wp-block-uagb-container uagb-layout-grid uagb-block-6e6186e9\">\n<div class=\"wp-block-uagb-counter uagb-block-76226e66 wp-block-uagb-counter--number\"><div class=\"wp-block-uagb-counter__number\"><span class=\"uagb-counter-block-number\" data-duration=\"1.5\" data-to-value=\"500\" data-from-value=\"0\" data-delimiter=\",\"><\/span><span class=\"uagb-counter-block-suffix\">+<\/span><\/div><div class=\"wp-block-uagb-counter__title\">93% dintre \u00eengrijitorii \u0219i clien\u021bii no\u0219tri sunt mul\u021bumi\u021bi de calitatea \u00eengrijirilor pe care le oferim.<\/div><\/div>\n\n\n\n<div class=\"wp-block-uagb-counter uagb-block-290a7056 wp-block-uagb-counter--number\"><div class=\"wp-block-uagb-counter__number\"><span class=\"uagb-counter-block-number\" data-duration=\"1.5\" data-to-value=\"95\" data-from-value=\"0\" data-delimiter=\",\"><\/span><span class=\"uagb-counter-block-suffix\">%<\/span><\/div><div class=\"wp-block-uagb-counter__title\">\u00cen ultimii doi ani, am angajat peste 500 de \u00eengrijitori califica\u021bi.<\/div><\/div>\n<\/div>\n<\/div><\/div>\n\n\n\n<div class=\"wp-block-uagb-container uagb-block-2e144a4a alignfull uagb-is-root-container\"><div class=\"uagb-container-inner-blocks-wrap\">\n<div class=\"wp-block-uagb-info-box uagb-block-d62177b8 uagb-infobox__content-wrap  uagb-infobox-icon-above-title uagb-infobox-image-valign-top\"><div class=\"uagb-ifb-content\"><div class=\"uagb-ifb-title-wrap\"><p class=\"uagb-ifb-title-prefix\">Contacta\u021bi-ne<\/p><h2 class=\"uagb-ifb-title\">\u00cencepe\u021bi s\u0103 lucra\u021bi ast\u0103zi cu NowakCare.ro!<\/h2><\/div><p class=\"uagb-ifb-desc\">Suna\u021bi sau scrie\u021bi pentru a primi mai multe informa\u021bii despre oportunit\u0103\u021bile noastre de colaborare.<\/p><div class=\"uagb-ifb-button-wrapper wp-block-button\"><a href=\"\/ro\/contact\/\" class=\"uagb-infobox-cta-link wp-block-button__link\" target=\"_self\" rel=\"noopener noreferrer\" onclick=\"return true;\"><span class=\"uagb-inline-editing\">Angaja\u021bi acum<\/span><\/a><\/div><\/div><\/div>\n<\/div><\/div>","protected":false},"excerpt":{"rendered":"<p>O Nas Dlaczego warto wybra\u0107 NowakCare.pl jako agencj\u0119 rekrutacyjn\u0105? NowakCare.pl to zaufana agencja rekrutacyjna, kt\u00f3ra \u0142\u0105czy do\u015bwiadczonych opiekun\u00f3w z osobami [&hellip;]<\/p>","protected":false},"author":1,"featured_media":0,"parent":0,"menu_order":0,"comment_status":"closed","ping_status":"closed","template":"","meta":{"_uag_custom_page_level_css":"","site-sidebar-layout":"default","site-content-layout":"","ast-site-content-layout":"default","site-content-style":"default","site-sidebar-style":"default","ast-global-header-display":"","ast-banner-title-visibility":"","ast-main-header-display":"","ast-hfb-above-header-display":"","ast-hfb-below-header-display":"","ast-hfb-mobile-header-display":"","site-post-title":"disabled","ast-breadcrumbs-content":"","ast-featured-img":"","footer-sml-layout":"","theme-transparent-header-meta":"","adv-header-id-meta":"","stick-header-meta":"","header-above-stick-meta":"","header-main-stick-meta":"","header-below-stick-meta":"","astra-migrate-meta-layouts":"default","ast-page-background-enabled":"default","ast-page-background-meta":{"desktop":{"background-color":"var(--ast-global-color-4)","background-image":"","background-repeat":"repeat","background-position":"center center","background-size":"auto","background-attachment":"scroll","background-type":"","background-media":"","overlay-type":"","overlay-color":"","overlay-opacity":"","overlay-gradient":""},"tablet":{"background-color":"","background-image":"","background-repeat":"repeat","background-position":"center center","background-size":"auto","background-attachment":"scroll","background-type":"","background-media":"","overlay-type":"","overlay-color":"","overlay-opacity":"","overlay-gradient":""},"mobile":{"background-color":"","background-image":"","background-repeat":"repeat","background-position":"center center","background-size":"auto","background-attachment":"scroll","background-type":"","background-media":"","overlay-type":"","overlay-color":"","overlay-opacity":"","overlay-gradient":""}},"ast-content-background-meta":{"desktop":{"background-color":"var(--ast-global-color-5)","background-image":"","background-repeat":"repeat","background-position":"center center","background-size":"auto","background-attachment":"scroll","background-type":"","background-media":"","overlay-type":"","overlay-color":"","overlay-opacity":"","overlay-gradient":""},"tablet":{"background-color":"var(--ast-global-color-5)","background-image":"","background-repeat":"repeat","background-position":"center center","background-size":"auto","background-attachment":"scroll","background-type":"","background-media":"","overlay-type":"","overlay-color":"","overlay-opacity":"","overlay-gradient":""},"mobile":{"background-color":"var(--ast-global-color-5)","background-image":"","background-repeat":"repeat","background-position":"center center","background-size":"auto","background-attachment":"scroll","background-type":"","background-media":"","overlay-type":"","overlay-color":"","overlay-opacity":"","overlay-gradient":""}},"footnotes":""},"class_list":["post-282","page","type-page","status-publish","hentry"],"uagb_featured_image_src":{"full":false,"thumbnail":false,"medium":false,"medium_large":false,"large":false,"1536x1536":false,"2048x2048":false,"trp-custom-language-flag":false},"uagb_author_info":{"display_name":"oskar@milkowski.pro","author_link":"https:\/\/nowakcare.pl\/ro\/author\/oskarmilkowski-pro\/"},"uagb_comment_info":0,"uagb_excerpt":"O Nas Dlaczego warto wybra\u0107 NowakCare.pl jako agencj\u0119 rekrutacyjn\u0105? NowakCare.pl to zaufana agencja rekrutacyjna, kt\u00f3ra \u0142\u0105czy do\u015bwiadczonych opiekun\u00f3w z osobami [&hellip;]","_links":{"self":[{"href":"https:\/\/nowakcare.pl\/ro\/wp-json\/wp\/v2\/pages\/282","targetHints":{"allow":["GET"]}}],"collection":[{"href":"https:\/\/nowakcare.pl\/ro\/wp-json\/wp\/v2\/pages"}],"about":[{"href":"https:\/\/nowakcare.pl\/ro\/wp-json\/wp\/v2\/types\/page"}],"author":[{"embeddable":true,"href":"https:\/\/nowakcare.pl\/ro\/wp-json\/wp\/v2\/users\/1"}],"replies":[{"embeddable":true,"href":"https:\/\/nowakcare.pl\/ro\/wp-json\/wp\/v2\/comments?post=282"}],"version-history":[{"count":5,"href":"https:\/\/nowakcare.pl\/ro\/wp-json\/wp\/v2\/pages\/282\/revisions"}],"predecessor-version":[{"id":1138,"href":"https:\/\/nowakcare.pl\/ro\/wp-json\/wp\/v2\/pages\/282\/revisions\/1138"}],"wp:attachment":[{"href":"https:\/\/nowakcare.pl\/ro\/wp-json\/wp\/v2\/media?parent=282"}],"curies":[{"name":"wp","href":"https:\/\/api.w.org\/{rel}","templated":true}]}}