{"id":292,"date":"2025-12-18T18:35:45","date_gmt":"2025-12-18T17:35:45","guid":{"rendered":"https:\/\/nowakcare.pl\/about\/"},"modified":"2025-12-18T20:05:42","modified_gmt":"2025-12-18T19:05:42","slug":"about","status":"publish","type":"page","link":"https:\/\/nowakcare.pl\/ro\/about\/","title":{"rendered":"About"},"content":{"rendered":"<div class=\"wp-block-uagb-container uagb-block-1e5d1737 alignfull uagb-is-root-container\"><div class=\"uagb-container-inner-blocks-wrap\">\n<div class=\"wp-block-uagb-advanced-heading uagb-block-fefbb553\"><p class=\"uagb-desc-text\">Despre noi<\/p><h1 class=\"uagb-heading-text\">Face\u021bi cuno\u0219tin\u021b\u0103 cu NowakCare.co.uk - exper\u021bi \u00een recrutare<\/h1><\/div>\n<\/div><\/div>\n\n\n\n<div class=\"wp-block-uagb-container uagb-block-da6f24cd alignfull uagb-is-root-container\"><div class=\"uagb-container-inner-blocks-wrap\">\n<div class=\"wp-block-uagb-advanced-heading uagb-block-c8330bd6\"><p class=\"uagb-desc-text\">Cine suntem<\/p><h2 class=\"uagb-heading-text\">Agen\u021bie de recrutare profesional\u0103 cu pasiune<\/h2><\/div>\n\n\n\n<div class=\"wp-block-uagb-container uagb-block-29c74af9\">\n<div class=\"wp-block-uagb-advanced-heading uagb-block-23c95072\"><h3 class=\"uagb-heading-text\">De ce s\u0103 lucra\u021bi cu noi<\/h3><\/div>\n\n\n\n<div class=\"wp-block-uagb-advanced-heading uagb-block-af8e0f11\"><p class=\"uagb-heading-text\">NowakCare.co.uk reu\u0219e\u0219te s\u0103 pun\u0103 \u00een leg\u0103tur\u0103 \u00eengrijitorii cu persoanele \u00een v\u00e2rst\u0103, oferind oportunit\u0103\u021bi de locuri de munc\u0103 satisf\u0103c\u0103toare \u00een Germania, care se potrivesc cu abilit\u0103\u021bile angaja\u021bilor, rezult\u00e2nd \u00een \u00eengrijire de \u00eenalt\u0103 calitate.<br><br>Agen\u021bia noastr\u0103, cu sediul \u00een Polonia, se concentreaz\u0103 pe furnizarea de lucr\u0103tori califica\u021bi pentru persoanele \u00een v\u00e2rst\u0103 din Germania, ceea ce ne face partenerul ideal pentru oricine caut\u0103 sprijin \u00een acest domeniu. Ne concentr\u0103m pe o abordare individual\u0103.<br><\/p><p class=\"uagb-desc-text\">Scopul nostru este de a sprijini persoanele \u00een v\u00e2rst\u0103 \u0219i \u00eengrijitorii.<\/p><\/div>\n<\/div>\n\n\n\n<div class=\"wp-block-uagb-container uagb-block-5e699a60\">\n<div class=\"wp-block-uagb-image uagb-block-5ef8454e wp-block-uagb-image--layout-default wp-block-uagb-image--effect-static wp-block-uagb-image--align-none\"><figure class=\"wp-block-uagb-image__figure\"><img decoding=\"async\" srcset=\"https:\/\/nowakcare.pl\/wp-content\/uploads\/2025\/12\/pexels-photo-5439443.jpeg ,https:\/\/nowakcare.pl\/wp-content\/uploads\/2025\/12\/pexels-photo-5439443.jpeg 780w, https:\/\/nowakcare.pl\/wp-content\/uploads\/2025\/12\/pexels-photo-5439443.jpeg 360w\" sizes=\"auto, (max-width: 480px) 150px\" src=\"https:\/\/nowakcare.pl\/wp-content\/uploads\/2025\/12\/pexels-photo-5439443.jpeg\" alt=\"Businessman in a suit with clipboard and pen in an office environment.\" class=\"uag-image-76\" width=\"384\" height=\"250\" title=\"aproximativ-05\" loading=\"lazy\" role=\"img\"\/><\/figure><\/div>\n\n\n\n<div class=\"wp-block-uagb-image uagb-block-e9620e16 wp-block-uagb-image--layout-default wp-block-uagb-image--effect-static wp-block-uagb-image--align-none\"><figure class=\"wp-block-uagb-image__figure\"><img decoding=\"async\" srcset=\"https:\/\/nowakcare.pl\/wp-content\/uploads\/2025\/12\/pexels-photo-5989934.jpeg ,https:\/\/nowakcare.pl\/wp-content\/uploads\/2025\/12\/pexels-photo-5989934.jpeg 780w, https:\/\/nowakcare.pl\/wp-content\/uploads\/2025\/12\/pexels-photo-5989934.jpeg 360w\" sizes=\"auto, (max-width: 480px) 150px\" src=\"https:\/\/nowakcare.pl\/wp-content\/uploads\/2025\/12\/pexels-photo-5989934.jpeg\" alt=\"Two women discuss business in a stylish office hallway with glass doors and modern decor.\" class=\"uag-image-77\" width=\"384\" height=\"400\" title=\"aproximativ-06\" loading=\"lazy\" role=\"img\"\/><\/figure><\/div>\n\n\n\n<div class=\"wp-block-uagb-image uagb-block-65c00496 wp-block-uagb-image--layout-default wp-block-uagb-image--effect-static wp-block-uagb-image--align-none\"><figure class=\"wp-block-uagb-image__figure\"><img decoding=\"async\" srcset=\"https:\/\/nowakcare.pl\/wp-content\/uploads\/2025\/12\/pexels-photo-4344878.jpeg ,https:\/\/nowakcare.pl\/wp-content\/uploads\/2025\/12\/pexels-photo-4344878.jpeg 780w, https:\/\/nowakcare.pl\/wp-content\/uploads\/2025\/12\/pexels-photo-4344878.jpeg 360w\" sizes=\"auto, (max-width: 480px) 150px\" src=\"https:\/\/nowakcare.pl\/wp-content\/uploads\/2025\/12\/pexels-photo-4344878.jpeg\" alt=\"A woman in a business suit participates in a job interview, showcasing professionalism and modern office environment.\" class=\"uag-image-78\" width=\"384\" height=\"300\" title=\"despre-07\" loading=\"lazy\" role=\"img\"\/><\/figure><\/div>\n<\/div>\n<\/div><\/div>\n\n\n\n<div class=\"wp-block-uagb-container uagb-block-4062d932 alignfull uagb-is-root-container\"><div class=\"uagb-container-inner-blocks-wrap\">\n<div class=\"wp-block-uagb-container uagb-block-58485396\">\n<div class=\"wp-block-uagb-info-box uagb-block-264f90e0 uagb-infobox__content-wrap  uagb-infobox-icon-above-title uagb-infobox-image-valign-top\"><div class=\"uagb-ifb-content\"><div class=\"uagb-ifb-title-wrap\"><p class=\"uagb-ifb-title-prefix\">Povestea noastr\u0103<\/p><h2 class=\"uagb-ifb-title\">De la pasiune la grij\u0103 - povestea NowakCare.co.uk<\/h2><\/div><p class=\"uagb-ifb-desc\">NowakCare.co.uk a pornit de la convingerea c\u0103 fiecare persoan\u0103 \u00een v\u00e2rst\u0103 merit\u0103 \u00eengrijire demn\u0103. Credem c\u0103 stabilirea unor rela\u021bii puternice \u00eentre \u00eengrijitori \u0219i reziden\u021bi se traduce \u00een calitatea vie\u021bii pentru persoanele \u00een v\u00e2rst\u0103.<br><br>Prin serviciile noastre specializate, am reu\u0219it s\u0103 c\u00e2\u0219tig\u0103m \u00eencrederea at\u00e2t a angaja\u021bilor, c\u00e2t \u0219i a clien\u021bilor.<\/p><\/div><\/div>\n<\/div>\n\n\n\n<div class=\"wp-block-uagb-container uagb-block-188bf86b\">\n<div class=\"wp-block-uagb-image alignleft uagb-block-abfb380d wp-block-uagb-image--layout-default wp-block-uagb-image--effect-static wp-block-uagb-image--align-left\"><figure class=\"wp-block-uagb-image__figure\"><img decoding=\"async\" srcset=\"https:\/\/nowakcare.pl\/wp-content\/uploads\/2025\/12\/pexels-photo-5598299.jpeg ,https:\/\/nowakcare.pl\/wp-content\/uploads\/2025\/12\/pexels-photo-5598299.jpeg 780w, https:\/\/nowakcare.pl\/wp-content\/uploads\/2025\/12\/pexels-photo-5598299.jpeg 360w\" sizes=\"auto, (max-width: 480px) 150px\" src=\"https:\/\/nowakcare.pl\/wp-content\/uploads\/2025\/12\/pexels-photo-5598299.jpeg\" alt=\"Chalk-written &#039;RECRUITMENT&#039; on a black chalkboard, ideal for HR and hiring themes.\" class=\"uag-image-81\" width=\"200\" height=\"200\" title=\"povestea noastr\u0103-01\" loading=\"lazy\" role=\"img\"\/><\/figure><\/div>\n<\/div>\n<\/div><\/div>\n\n\n\n<div class=\"wp-block-uagb-container uagb-block-06d9ef36 alignfull uagb-is-root-container\"><div class=\"uagb-container-inner-blocks-wrap\">\n<div class=\"wp-block-uagb-advanced-heading uagb-block-6729a899\"><p class=\"uagb-desc-text\">Misiunea \u0219i viziunea noastr\u0103<\/p><h2 class=\"uagb-heading-text\">Ne str\u0103duim pentru un viitor mai bun pentru seniori<\/h2><\/div>\n\n\n\n<div class=\"wp-block-uagb-container uagb-block-6b106e3b\">\n<div class=\"wp-block-uagb-image alignright uagb-block-648952a5 wp-block-uagb-image--layout-default wp-block-uagb-image--effect-static wp-block-uagb-image--align-right\"><figure class=\"wp-block-uagb-image__figure\"><img decoding=\"async\" srcset=\"https:\/\/nowakcare.pl\/wp-content\/uploads\/2025\/12\/pexels-photo-5989928.jpeg ,https:\/\/nowakcare.pl\/wp-content\/uploads\/2025\/12\/pexels-photo-5989928.jpeg 780w, https:\/\/nowakcare.pl\/wp-content\/uploads\/2025\/12\/pexels-photo-5989928.jpeg 360w\" sizes=\"auto, (max-width: 480px) 150px\" src=\"https:\/\/nowakcare.pl\/wp-content\/uploads\/2025\/12\/pexels-photo-5989928.jpeg\" alt=\"Two professional women engaged in a business discussion indoors with documents.\" class=\"uag-image-73\" width=\"200\" height=\"150\" title=\"misiune-02\" loading=\"lazy\" role=\"img\"\/><\/figure><\/div>\n<\/div>\n\n\n\n<div class=\"wp-block-uagb-container uagb-block-096ff3fd\">\n<div class=\"wp-block-uagb-advanced-heading uagb-block-975cf9dc\"><h3 class=\"uagb-heading-text\">Misiunea noastr\u0103<\/h3><p class=\"uagb-desc-text\">Misiunea noastr\u0103 este de a oferi \u00eengrijire de cea mai \u00eenalt\u0103 calitate pentru persoanele \u00een v\u00e2rst\u0103 din Germania prin conectarea \u00eengrijitorilor califica\u021bi cu persoanele \u00een v\u00e2rst\u0103, cre\u00e2nd un mediu plin de \u00eencredere \u0219i sprijin.<\/p><div class=\"uagb-separator\"><\/div><\/div>\n\n\n\n<div class=\"wp-block-uagb-advanced-heading uagb-block-2a2e3b20\"><h3 class=\"uagb-heading-text\">Viziunea noastr\u0103<\/h3><p class=\"uagb-desc-text\">Ne propunem s\u0103 facem din NowakCare.co.uk cea mai important\u0103 agen\u021bie de recrutare din Europa, cunoscut\u0103 pentru excelen\u021ba serviciilor oferite at\u00e2t \u00eengrijitorilor, c\u00e2t \u0219i reziden\u021bilor, promov\u00e2nd principiile empatiei \u0219i \u00een\u021belegerii.<\/p><\/div>\n<\/div>\n<\/div><\/div>\n\n\n\n<div class=\"wp-block-uagb-container uagb-block-2e144a4a alignfull uagb-is-root-container\"><div class=\"uagb-container-inner-blocks-wrap\">\n<div class=\"wp-block-uagb-info-box uagb-block-d62177b8 uagb-infobox__content-wrap  uagb-infobox-icon-above-title uagb-infobox-image-valign-top\"><div class=\"uagb-ifb-content\"><div class=\"uagb-ifb-title-wrap\"><p class=\"uagb-ifb-title-prefix\">Contacta\u021bi-ne<\/p><h2 class=\"uagb-ifb-title\">\u00cencepe\u021bi s\u0103 lucra\u021bi ast\u0103zi cu NowakCare.ro!<\/h2><\/div><p class=\"uagb-ifb-desc\">Suna\u021bi sau scrie\u021bi pentru a primi mai multe informa\u021bii despre oportunit\u0103\u021bile noastre de colaborare.<\/p><div class=\"uagb-ifb-button-wrapper wp-block-button\"><a href=\"\/ro\/contact\/\" class=\"uagb-infobox-cta-link wp-block-button__link\" target=\"_self\" rel=\"noopener noreferrer\" onclick=\"return true;\"><span class=\"uagb-inline-editing\">Angaja\u021bi acum<\/span><\/a><\/div><\/div><\/div>\n<\/div><\/div>","protected":false},"excerpt":{"rendered":"<p>O nas Poznaj NowakCare.pl \u2013 ekspert\u00f3w w rekrutacji Kim jeste\u015bmy Profesjonalna agencja rekrutacyjna z pasj\u0105 Dlaczego warto z nami wsp\u00f3\u0142pracowa\u0107 [&hellip;]<\/p>","protected":false},"author":1,"featured_media":0,"parent":0,"menu_order":0,"comment_status":"closed","ping_status":"closed","template":"","meta":{"_uag_custom_page_level_css":"","site-sidebar-layout":"default","site-content-layout":"","ast-site-content-layout":"default","site-content-style":"default","site-sidebar-style":"default","ast-global-header-display":"","ast-banner-title-visibility":"","ast-main-header-display":"","ast-hfb-above-header-display":"","ast-hfb-below-header-display":"","ast-hfb-mobile-header-display":"","site-post-title":"disabled","ast-breadcrumbs-content":"","ast-featured-img":"","footer-sml-layout":"","theme-transparent-header-meta":"","adv-header-id-meta":"","stick-header-meta":"","header-above-stick-meta":"","header-main-stick-meta":"","header-below-stick-meta":"","astra-migrate-meta-layouts":"default","ast-page-background-enabled":"default","ast-page-background-meta":{"desktop":{"background-color":"var(--ast-global-color-4)","background-image":"","background-repeat":"repeat","background-position":"center center","background-size":"auto","background-attachment":"scroll","background-type":"","background-media":"","overlay-type":"","overlay-color":"","overlay-opacity":"","overlay-gradient":""},"tablet":{"background-color":"","background-image":"","background-repeat":"repeat","background-position":"center center","background-size":"auto","background-attachment":"scroll","background-type":"","background-media":"","overlay-type":"","overlay-color":"","overlay-opacity":"","overlay-gradient":""},"mobile":{"background-color":"","background-image":"","background-repeat":"repeat","background-position":"center center","background-size":"auto","background-attachment":"scroll","background-type":"","background-media":"","overlay-type":"","overlay-color":"","overlay-opacity":"","overlay-gradient":""}},"ast-content-background-meta":{"desktop":{"background-color":"var(--ast-global-color-5)","background-image":"","background-repeat":"repeat","background-position":"center center","background-size":"auto","background-attachment":"scroll","background-type":"","background-media":"","overlay-type":"","overlay-color":"","overlay-opacity":"","overlay-gradient":""},"tablet":{"background-color":"var(--ast-global-color-5)","background-image":"","background-repeat":"repeat","background-position":"center center","background-size":"auto","background-attachment":"scroll","background-type":"","background-media":"","overlay-type":"","overlay-color":"","overlay-opacity":"","overlay-gradient":""},"mobile":{"background-color":"var(--ast-global-color-5)","background-image":"","background-repeat":"repeat","background-position":"center center","background-size":"auto","background-attachment":"scroll","background-type":"","background-media":"","overlay-type":"","overlay-color":"","overlay-opacity":"","overlay-gradient":""}},"footnotes":""},"class_list":["post-292","page","type-page","status-publish","hentry"],"uagb_featured_image_src":{"full":false,"thumbnail":false,"medium":false,"medium_large":false,"large":false,"1536x1536":false,"2048x2048":false,"trp-custom-language-flag":false},"uagb_author_info":{"display_name":"oskar@milkowski.pro","author_link":"https:\/\/nowakcare.pl\/ro\/author\/oskarmilkowski-pro\/"},"uagb_comment_info":0,"uagb_excerpt":"O nas Poznaj NowakCare.pl \u2013 ekspert\u00f3w w rekrutacji Kim jeste\u015bmy Profesjonalna agencja rekrutacyjna z pasj\u0105 Dlaczego warto z nami wsp\u00f3\u0142pracowa\u0107 [&hellip;]","_links":{"self":[{"href":"https:\/\/nowakcare.pl\/ro\/wp-json\/wp\/v2\/pages\/292","targetHints":{"allow":["GET"]}}],"collection":[{"href":"https:\/\/nowakcare.pl\/ro\/wp-json\/wp\/v2\/pages"}],"about":[{"href":"https:\/\/nowakcare.pl\/ro\/wp-json\/wp\/v2\/types\/page"}],"author":[{"embeddable":true,"href":"https:\/\/nowakcare.pl\/ro\/wp-json\/wp\/v2\/users\/1"}],"replies":[{"embeddable":true,"href":"https:\/\/nowakcare.pl\/ro\/wp-json\/wp\/v2\/comments?post=292"}],"version-history":[{"count":4,"href":"https:\/\/nowakcare.pl\/ro\/wp-json\/wp\/v2\/pages\/292\/revisions"}],"predecessor-version":[{"id":1139,"href":"https:\/\/nowakcare.pl\/ro\/wp-json\/wp\/v2\/pages\/292\/revisions\/1139"}],"wp:attachment":[{"href":"https:\/\/nowakcare.pl\/ro\/wp-json\/wp\/v2\/media?parent=292"}],"curies":[{"name":"wp","href":"https:\/\/api.w.org\/{rel}","templated":true}]}}