{"id":294,"date":"2025-12-18T18:35:45","date_gmt":"2025-12-18T17:35:45","guid":{"rendered":"https:\/\/nowakcare.pl\/services\/"},"modified":"2025-12-18T20:06:24","modified_gmt":"2025-12-18T19:06:24","slug":"services","status":"publish","type":"page","link":"https:\/\/nowakcare.pl\/ro\/services\/","title":{"rendered":"Services"},"content":{"rendered":"<div class=\"wp-block-uagb-container uagb-block-1e5d1737 alignfull uagb-is-root-container\"><div class=\"uagb-container-inner-blocks-wrap\">\n<div class=\"wp-block-uagb-advanced-heading uagb-block-fefbb553\"><p class=\"uagb-desc-text\">Servicii<\/p><h1 class=\"uagb-heading-text\">\u00cengrijire profesional\u0103 pentru persoanele \u00een v\u00e2rst\u0103<\/h1><\/div>\n<\/div><\/div>\n\n\n\n<div class=\"wp-block-uagb-container uagb-block-4062d932 alignfull uagb-is-root-container\"><div class=\"uagb-container-inner-blocks-wrap\">\n<div class=\"wp-block-uagb-container uagb-block-188bf86b\">\n<div class=\"wp-block-uagb-image alignright uagb-block-a74814ac wp-block-uagb-image--layout-default wp-block-uagb-image--effect-static wp-block-uagb-image--align-right\"><figure class=\"wp-block-uagb-image__figure\"><img decoding=\"async\" srcset=\"https:\/\/nowakcare.pl\/wp-content\/uploads\/2025\/12\/pexels-photo-4344878.jpeg ,https:\/\/nowakcare.pl\/wp-content\/uploads\/2025\/12\/pexels-photo-4344878.jpeg 780w, https:\/\/nowakcare.pl\/wp-content\/uploads\/2025\/12\/pexels-photo-4344878.jpeg 360w\" sizes=\"auto, (max-width: 480px) 150px\" src=\"https:\/\/nowakcare.pl\/wp-content\/uploads\/2025\/12\/pexels-photo-4344878.jpeg\" alt=\"A woman in a business suit participates in a job interview, showcasing professionalism and modern office environment.\" class=\"uag-image-78\" width=\"200\" height=\"150\" title=\"servicii-06\" loading=\"lazy\" role=\"img\"\/><\/figure><\/div>\n<\/div>\n\n\n\n<div class=\"wp-block-uagb-container uagb-block-58485396\">\n<div class=\"wp-block-uagb-info-box uagb-block-3ff6f0b3 uagb-infobox__content-wrap  uagb-infobox-icon-above-title uagb-infobox-image-valign-top\"><div class=\"uagb-ifb-content\"><div class=\"uagb-ifb-title-wrap\"><p class=\"uagb-ifb-title-prefix\">01<\/p><h2 class=\"uagb-ifb-title\">Recrutarea \u00eengrijitorilor<\/h2><\/div><p class=\"uagb-ifb-desc\">Agen\u021bia noastr\u0103 de recrutare pune \u00een leg\u0103tur\u0103 \u00eengrijitorii cu familiile care caut\u0103 sprijin, garant\u00e2nd un serviciu de \u00eenalt\u0103 calitate \u0219i o abordare personalizat\u0103.<\/p><\/div><\/div>\n<\/div>\n<\/div><\/div>\n\n\n\n<div class=\"wp-block-uagb-container uagb-block-05e5b2eb alignfull uagb-is-root-container\"><div class=\"uagb-container-inner-blocks-wrap\">\n<div class=\"wp-block-uagb-container uagb-block-755ea4d6\">\n<div class=\"wp-block-uagb-info-box uagb-block-bcb052f7 uagb-infobox__content-wrap  uagb-infobox-icon-above-title uagb-infobox-image-valign-top\"><div class=\"uagb-ifb-content\"><div class=\"uagb-ifb-title-wrap\"><p class=\"uagb-ifb-title-prefix\">02<\/p><h2 class=\"uagb-ifb-title\">Sprijin pentru \u00eengrijitori<\/h2><\/div><p class=\"uagb-ifb-desc\">Oferim sprijin \u00eengrijitorilor \u00een ceea ce prive\u0219te formarea \u0219i sprijinul psihologic, astfel \u00eenc\u00e2t ace\u0219tia s\u0103 \u00ee\u0219i poat\u0103 \u00eendeplini sarcinile \u00een mod eficient \u0219i s\u0103 aib\u0103 grij\u0103 de persoanele \u00een v\u00e2rst\u0103.<\/p><\/div><\/div>\n<\/div>\n\n\n\n<div class=\"wp-block-uagb-container uagb-block-948e30c7\">\n<div class=\"wp-block-uagb-image alignleft uagb-block-a936ccb9 wp-block-uagb-image--layout-default wp-block-uagb-image--effect-static wp-block-uagb-image--align-left\"><figure class=\"wp-block-uagb-image__figure\"><img decoding=\"async\" srcset=\"https:\/\/nowakcare.pl\/wp-content\/uploads\/2025\/12\/pexels-photo-4344860.jpeg ,https:\/\/nowakcare.pl\/wp-content\/uploads\/2025\/12\/pexels-photo-4344860.jpeg 780w, https:\/\/nowakcare.pl\/wp-content\/uploads\/2025\/12\/pexels-photo-4344860.jpeg 360w\" sizes=\"auto, (max-width: 480px) 150px\" src=\"https:\/\/nowakcare.pl\/wp-content\/uploads\/2025\/12\/pexels-photo-4344860.jpeg\" alt=\"Colleagues in an office celebrating a successful negotiation with a handshake.\" class=\"uag-image-80\" width=\"200\" height=\"150\" title=\"servicii-05\" loading=\"lazy\" role=\"img\"\/><\/figure><\/div>\n<\/div>\n<\/div><\/div>\n\n\n\n<div class=\"wp-block-uagb-container uagb-block-427e3d80 alignfull uagb-is-root-container\"><div class=\"uagb-container-inner-blocks-wrap\">\n<div class=\"wp-block-uagb-container uagb-block-c3a1ca4e\">\n<div class=\"wp-block-uagb-image alignright uagb-block-a6c3f1d7 wp-block-uagb-image--layout-default wp-block-uagb-image--effect-static wp-block-uagb-image--align-right\"><figure class=\"wp-block-uagb-image__figure\"><img decoding=\"async\" srcset=\"https:\/\/nowakcare.pl\/wp-content\/uploads\/2025\/12\/pexels-photo-5989943.jpeg ,https:\/\/nowakcare.pl\/wp-content\/uploads\/2025\/12\/pexels-photo-5989943.jpeg 780w, https:\/\/nowakcare.pl\/wp-content\/uploads\/2025\/12\/pexels-photo-5989943.jpeg 360w\" sizes=\"auto, (max-width: 480px) 150px\" src=\"https:\/\/nowakcare.pl\/wp-content\/uploads\/2025\/12\/pexels-photo-5989943.jpeg\" alt=\"Close-up of hands holding resume during interview with coffee on table, highlighting workplace setting.\" class=\"uag-image-82\" width=\"200\" height=\"150\" title=\"servicii-09\" loading=\"lazy\" role=\"img\"\/><\/figure><\/div>\n<\/div>\n\n\n\n<div class=\"wp-block-uagb-container uagb-block-05200bfc\">\n<div class=\"wp-block-uagb-info-box uagb-block-3050a6aa uagb-infobox__content-wrap  uagb-infobox-icon-above-title uagb-infobox-image-valign-top\"><div class=\"uagb-ifb-content\"><div class=\"uagb-ifb-title-wrap\"><p class=\"uagb-ifb-title-prefix\">03<\/p><h2 class=\"uagb-ifb-title\">Oportunit\u0103\u021bi de angajare<\/h2><\/div><p class=\"uagb-ifb-desc\">Agen\u021bia noastr\u0103 prezint\u0103 oferte de locuri de munc\u0103 \u00een func\u021bie de competen\u021bele \u00eengrijitorilor, garant\u00e2nd salarii \u0219i condi\u021bii de munc\u0103 echitabile \u00een Germania.<\/p><\/div><\/div>\n<\/div>\n<\/div><\/div>\n\n\n\n<div class=\"wp-block-uagb-container uagb-block-fed8d4c1 alignfull uagb-is-root-container\"><div class=\"uagb-container-inner-blocks-wrap\">\n<div class=\"wp-block-uagb-container uagb-block-994dc640\">\n<div class=\"wp-block-uagb-info-box uagb-block-f1c692a0 uagb-infobox__content-wrap  uagb-infobox-icon-above-title uagb-infobox-image-valign-top\"><div class=\"uagb-ifb-content\"><div class=\"uagb-ifb-title-wrap\"><p class=\"uagb-ifb-title-prefix\">04<\/p><h2 class=\"uagb-ifb-title\">Consultan\u021b\u0103 de personal<\/h2><\/div><p class=\"uagb-ifb-desc\">Oferim consiliere individual\u0103 cu privire la alegerea celor mai bune oferte \u0219i oportunit\u0103\u021bi de carier\u0103 pentru \u00eengrijitori, oferind sprijin complet \u00een fiecare etap\u0103 a colabor\u0103rii.<\/p><\/div><\/div>\n<\/div>\n\n\n\n<div class=\"wp-block-uagb-container uagb-block-1a028749\">\n<div class=\"wp-block-uagb-image alignleft uagb-block-ac037292 wp-block-uagb-image--layout-default wp-block-uagb-image--effect-static wp-block-uagb-image--align-left\"><figure class=\"wp-block-uagb-image__figure\"><img decoding=\"async\" srcset=\"https:\/\/nowakcare.pl\/wp-content\/uploads\/2025\/12\/pexels-photo-5989924.jpeg ,https:\/\/nowakcare.pl\/wp-content\/uploads\/2025\/12\/pexels-photo-5989924.jpeg 780w, https:\/\/nowakcare.pl\/wp-content\/uploads\/2025\/12\/pexels-photo-5989924.jpeg 360w\" sizes=\"auto, (max-width: 480px) 150px\" src=\"https:\/\/nowakcare.pl\/wp-content\/uploads\/2025\/12\/pexels-photo-5989924.jpeg\" alt=\"A senior woman being interviewed indoors with her resume displayed.\" class=\"uag-image-74\" width=\"200\" height=\"150\" title=\"servicii-10\" loading=\"lazy\" role=\"img\"\/><\/figure><\/div>\n<\/div>\n<\/div><\/div>\n\n\n\n<div class=\"wp-block-uagb-container uagb-block-2e144a4a alignfull uagb-is-root-container\"><div class=\"uagb-container-inner-blocks-wrap\">\n<div class=\"wp-block-uagb-info-box uagb-block-d62177b8 uagb-infobox__content-wrap  uagb-infobox-icon-above-title uagb-infobox-image-valign-top\"><div class=\"uagb-ifb-content\"><div class=\"uagb-ifb-title-wrap\"><p class=\"uagb-ifb-title-prefix\">Contacta\u021bi-ne<\/p><h2 class=\"uagb-ifb-title\">\u00cencepe\u021bi s\u0103 lucra\u021bi ast\u0103zi cu NowakCare.ro!<\/h2><\/div><p class=\"uagb-ifb-desc\">Suna\u021bi sau scrie\u021bi pentru a primi mai multe informa\u021bii despre oportunit\u0103\u021bile noastre de colaborare.<\/p><div class=\"uagb-ifb-button-wrapper wp-block-button\"><a href=\"\/ro\/contact\/\" class=\"uagb-infobox-cta-link wp-block-button__link\" target=\"_self\" rel=\"noopener noreferrer\" onclick=\"return true;\"><span class=\"uagb-inline-editing\">Angaja\u021bi acum<\/span><\/a><\/div><\/div><\/div>\n<\/div><\/div>","protected":false},"excerpt":{"rendered":"<p>Us\u0142ugi Profesjonalna opieka dla senior\u00f3w<\/p>","protected":false},"author":1,"featured_media":0,"parent":0,"menu_order":0,"comment_status":"closed","ping_status":"closed","template":"","meta":{"_uag_custom_page_level_css":"","site-sidebar-layout":"default","site-content-layout":"","ast-site-content-layout":"default","site-content-style":"default","site-sidebar-style":"default","ast-global-header-display":"","ast-banner-title-visibility":"","ast-main-header-display":"","ast-hfb-above-header-display":"","ast-hfb-below-header-display":"","ast-hfb-mobile-header-display":"","site-post-title":"disabled","ast-breadcrumbs-content":"","ast-featured-img":"","footer-sml-layout":"","theme-transparent-header-meta":"","adv-header-id-meta":"","stick-header-meta":"","header-above-stick-meta":"","header-main-stick-meta":"","header-below-stick-meta":"","astra-migrate-meta-layouts":"default","ast-page-background-enabled":"default","ast-page-background-meta":{"desktop":{"background-color":"var(--ast-global-color-4)","background-image":"","background-repeat":"repeat","background-position":"center center","background-size":"auto","background-attachment":"scroll","background-type":"","background-media":"","overlay-type":"","overlay-color":"","overlay-opacity":"","overlay-gradient":""},"tablet":{"background-color":"","background-image":"","background-repeat":"repeat","background-position":"center center","background-size":"auto","background-attachment":"scroll","background-type":"","background-media":"","overlay-type":"","overlay-color":"","overlay-opacity":"","overlay-gradient":""},"mobile":{"background-color":"","background-image":"","background-repeat":"repeat","background-position":"center center","background-size":"auto","background-attachment":"scroll","background-type":"","background-media":"","overlay-type":"","overlay-color":"","overlay-opacity":"","overlay-gradient":""}},"ast-content-background-meta":{"desktop":{"background-color":"var(--ast-global-color-5)","background-image":"","background-repeat":"repeat","background-position":"center center","background-size":"auto","background-attachment":"scroll","background-type":"","background-media":"","overlay-type":"","overlay-color":"","overlay-opacity":"","overlay-gradient":""},"tablet":{"background-color":"var(--ast-global-color-5)","background-image":"","background-repeat":"repeat","background-position":"center center","background-size":"auto","background-attachment":"scroll","background-type":"","background-media":"","overlay-type":"","overlay-color":"","overlay-opacity":"","overlay-gradient":""},"mobile":{"background-color":"var(--ast-global-color-5)","background-image":"","background-repeat":"repeat","background-position":"center center","background-size":"auto","background-attachment":"scroll","background-type":"","background-media":"","overlay-type":"","overlay-color":"","overlay-opacity":"","overlay-gradient":""}},"footnotes":""},"class_list":["post-294","page","type-page","status-publish","hentry"],"uagb_featured_image_src":{"full":false,"thumbnail":false,"medium":false,"medium_large":false,"large":false,"1536x1536":false,"2048x2048":false,"trp-custom-language-flag":false},"uagb_author_info":{"display_name":"oskar@milkowski.pro","author_link":"https:\/\/nowakcare.pl\/ro\/author\/oskarmilkowski-pro\/"},"uagb_comment_info":0,"uagb_excerpt":"Us\u0142ugi Profesjonalna opieka dla senior\u00f3w","_links":{"self":[{"href":"https:\/\/nowakcare.pl\/ro\/wp-json\/wp\/v2\/pages\/294","targetHints":{"allow":["GET"]}}],"collection":[{"href":"https:\/\/nowakcare.pl\/ro\/wp-json\/wp\/v2\/pages"}],"about":[{"href":"https:\/\/nowakcare.pl\/ro\/wp-json\/wp\/v2\/types\/page"}],"author":[{"embeddable":true,"href":"https:\/\/nowakcare.pl\/ro\/wp-json\/wp\/v2\/users\/1"}],"replies":[{"embeddable":true,"href":"https:\/\/nowakcare.pl\/ro\/wp-json\/wp\/v2\/comments?post=294"}],"version-history":[{"count":4,"href":"https:\/\/nowakcare.pl\/ro\/wp-json\/wp\/v2\/pages\/294\/revisions"}],"predecessor-version":[{"id":1140,"href":"https:\/\/nowakcare.pl\/ro\/wp-json\/wp\/v2\/pages\/294\/revisions\/1140"}],"wp:attachment":[{"href":"https:\/\/nowakcare.pl\/ro\/wp-json\/wp\/v2\/media?parent=294"}],"curies":[{"name":"wp","href":"https:\/\/api.w.org\/{rel}","templated":true}]}}