{"id":296,"date":"2025-12-18T18:35:45","date_gmt":"2025-12-18T17:35:45","guid":{"rendered":"https:\/\/nowakcare.pl\/contact\/"},"modified":"2026-02-04T18:46:01","modified_gmt":"2026-02-04T17:46:01","slug":"contact","status":"publish","type":"page","link":"https:\/\/nowakcare.pl\/ro\/contact\/","title":{"rendered":"Contact"},"content":{"rendered":"<div class=\"wp-block-uagb-container uagb-block-1e5d1737 alignfull uagb-is-root-container\"><div class=\"uagb-container-inner-blocks-wrap\">\n<div class=\"wp-block-uagb-advanced-heading uagb-block-fefbb553\"><p class=\"uagb-desc-text\">Intra\u021bi \u00een contact<\/p><h1 class=\"uagb-heading-text\">Informa\u021biile noastre de contact \u0219i asisten\u021b\u0103<\/h1><\/div>\n<\/div><\/div>\n\n\n\n<div class=\"wp-block-uagb-container uagb-block-01ec2e85 alignfull uagb-is-root-container\"><div class=\"uagb-container-inner-blocks-wrap\">\n<div class=\"wp-block-uagb-advanced-heading uagb-block-c7de54e4\"><p class=\"uagb-desc-text\">Formular de contact<\/p><h2 class=\"uagb-heading-text\">Contacta\u021bi-ne pentru mai multe informa\u021bii sau asisten\u021b\u0103<\/h2><\/div>\n\n\n\n<div class=\"wp-block-uagb-container uagb-layout-grid uagb-block-f642bcf5\">\n<div class=\"wp-block-uagb-container uagb-block-8d17a762\">\n<div class=\"wp-block-uagb-advanced-heading uagb-block-833f383f\"><p class=\"uagb-desc-text\">Telefon<\/p><p class=\"uagb-heading-text\">+48-732-096-988<\/p><div class=\"uagb-separator\"><\/div><\/div>\n\n\n\n<div class=\"wp-block-uagb-advanced-heading uagb-block-79dd2735\"><p class=\"uagb-desc-text\">E-mail<\/p><p class=\"uagb-heading-text\">biuro@nowakcare.pl<\/p><div class=\"uagb-separator\"><\/div><\/div>\n<\/div>\n\n\n\n<div class=\"wp-block-uagb-advanced-heading uagb-block-f29c6a98\"><p class=\"uagb-desc-text\">date despre companie<\/p><p class=\"uagb-heading-text\">Piotr Nowak NOWAK CARE<br>Strada Szcz\u0119sna 26, 02-454 Var\u0219ovia<br>NIP: 6931999285<\/p><div class=\"uagb-separator\"><\/div><\/div>\n\n\n\n<div class=\"wp-block-uagb-container uagb-block-e69b7572\">\n<div class=\"wp-block-uagb-advanced-heading uagb-block-53f75ec0\"><p class=\"uagb-heading-text\">Urm\u0103ri\u021bi-ne:<\/p><\/div>\n\n\n\n<div class=\"wp-block-uagb-icon-list uagb-block-30d6316a\"><div class=\"uagb-icon-list__wrap\">\n<div class=\"wp-block-uagb-icon-list-child uagb-block-30b66751\"><a target=\"_self\" aria-label=\"\" rel=\"noopener noreferrer\" href=\"#\"> <\/a><span class=\"uagb-icon-list__source-wrap\"><svg xmlns=\"https:\/\/www.w3.org\/2000\/svg\" viewbox=\"0 0 320 512\"><path d=\"M279.1 288l14.22-92.66h-88.91v-60.13c0-25.35 12.42-50.06 52.24-50.06h40.42V6.26S260.4 0 225.4 0c-73.22 0-121.1 44.38-121.1 124.7v70.62H22.89V288h81.39v224h100.2V288z\"><\/path><\/svg><\/span><\/div>\n<\/div><\/div>\n<\/div>\n<\/div>\n<\/div><\/div>\n\n\n\n<div class=\"wp-block-uagb-container uagb-block-be84cf74 alignfull uagb-is-root-container\">\t\t\t<div \n\t\t\tclass=\"wp-block-uagb-google-map uagb-google-map__wrap uagb-block-df28e197\"\n\t\t\tstyle=\"\" >\n\t\t\t\t<embed\n\t\t\t\t\tclass=\"uagb-google-map__iframe\"\n\t\t\t\t\ttitle=\"Google Map for \"\n\t\t\t\t\tsrc=\"https:\/\/maps.google.com\/maps?q=Piotr%20Nowak%20NOWAK%20CARE%20ul.%20Szcz%C4%99sna%2026%2C%2002-454%20Warszawa%20NIP%3A%206931999285&#038;z=12&#038;hl=en&#038;t=m&#038;output=embed&#038;iwloc=near\"\n\t\t\t\t\twidth=\"640\"\n\t\t\t\t\theight=\"600\"\n\t\t\t\t\tloading=\"lazy\"\n\t\t\t\t>.\n\t\t\t<\/div>\n\t\t\t<\/div>\n\n\n\n<div class=\"wp-block-uagb-container uagb-block-2e144a4a alignfull uagb-is-root-container\"><div class=\"uagb-container-inner-blocks-wrap\">\n<div class=\"wp-block-uagb-info-box uagb-block-d62177b8 uagb-infobox__content-wrap  uagb-infobox-icon-above-title uagb-infobox-image-valign-top\"><div class=\"uagb-ifb-content\"><div class=\"uagb-ifb-title-wrap\"><p class=\"uagb-ifb-title-prefix\">Contacta\u021bi-ne<\/p><h2 class=\"uagb-ifb-title\">\u00cencepe\u021bi s\u0103 lucra\u021bi ast\u0103zi cu NowakCare.ro!<\/h2><\/div><p class=\"uagb-ifb-desc\">Suna\u021bi sau scrie\u021bi pentru a primi mai multe informa\u021bii despre oportunit\u0103\u021bile noastre de colaborare.<\/p><div class=\"uagb-ifb-button-wrapper wp-block-button\"><a href=\"\/ro\/contact\/\" class=\"uagb-infobox-cta-link wp-block-button__link\" target=\"_self\" rel=\"noopener noreferrer\" onclick=\"return true;\"><span class=\"uagb-inline-editing\">Angaja\u021bi acum<\/span><\/a><\/div><\/div><\/div>\n<\/div><\/div>","protected":false},"excerpt":{"rendered":"<p>Skontaktuj si\u0119 Nasze informacje kontaktowe i wsparcie Formularz kontaktowy Skontaktuj si\u0119 z nami, aby uzyska\u0107 wi\u0119cej informacji lub pomoc Telefon [&hellip;]<\/p>","protected":false},"author":1,"featured_media":0,"parent":0,"menu_order":0,"comment_status":"closed","ping_status":"closed","template":"","meta":{"_uag_custom_page_level_css":"","site-sidebar-layout":"default","site-content-layout":"","ast-site-content-layout":"default","site-content-style":"default","site-sidebar-style":"default","ast-global-header-display":"","ast-banner-title-visibility":"","ast-main-header-display":"","ast-hfb-above-header-display":"","ast-hfb-below-header-display":"","ast-hfb-mobile-header-display":"","site-post-title":"disabled","ast-breadcrumbs-content":"","ast-featured-img":"","footer-sml-layout":"","theme-transparent-header-meta":"","adv-header-id-meta":"","stick-header-meta":"","header-above-stick-meta":"","header-main-stick-meta":"","header-below-stick-meta":"","astra-migrate-meta-layouts":"default","ast-page-background-enabled":"default","ast-page-background-meta":{"desktop":{"background-color":"var(--ast-global-color-4)","background-image":"","background-repeat":"repeat","background-position":"center center","background-size":"auto","background-attachment":"scroll","background-type":"","background-media":"","overlay-type":"","overlay-color":"","overlay-opacity":"","overlay-gradient":""},"tablet":{"background-color":"","background-image":"","background-repeat":"repeat","background-position":"center center","background-size":"auto","background-attachment":"scroll","background-type":"","background-media":"","overlay-type":"","overlay-color":"","overlay-opacity":"","overlay-gradient":""},"mobile":{"background-color":"","background-image":"","background-repeat":"repeat","background-position":"center center","background-size":"auto","background-attachment":"scroll","background-type":"","background-media":"","overlay-type":"","overlay-color":"","overlay-opacity":"","overlay-gradient":""}},"ast-content-background-meta":{"desktop":{"background-color":"var(--ast-global-color-5)","background-image":"","background-repeat":"repeat","background-position":"center center","background-size":"auto","background-attachment":"scroll","background-type":"","background-media":"","overlay-type":"","overlay-color":"","overlay-opacity":"","overlay-gradient":""},"tablet":{"background-color":"var(--ast-global-color-5)","background-image":"","background-repeat":"repeat","background-position":"center center","background-size":"auto","background-attachment":"scroll","background-type":"","background-media":"","overlay-type":"","overlay-color":"","overlay-opacity":"","overlay-gradient":""},"mobile":{"background-color":"var(--ast-global-color-5)","background-image":"","background-repeat":"repeat","background-position":"center center","background-size":"auto","background-attachment":"scroll","background-type":"","background-media":"","overlay-type":"","overlay-color":"","overlay-opacity":"","overlay-gradient":""}},"footnotes":""},"class_list":["post-296","page","type-page","status-publish","hentry"],"uagb_featured_image_src":{"full":false,"thumbnail":false,"medium":false,"medium_large":false,"large":false,"1536x1536":false,"2048x2048":false,"trp-custom-language-flag":false},"uagb_author_info":{"display_name":"oskar@milkowski.pro","author_link":"https:\/\/nowakcare.pl\/ro\/author\/oskarmilkowski-pro\/"},"uagb_comment_info":0,"uagb_excerpt":"Skontaktuj si\u0119 Nasze informacje kontaktowe i wsparcie Formularz kontaktowy Skontaktuj si\u0119 z nami, aby uzyska\u0107 wi\u0119cej informacji lub pomoc Telefon [&hellip;]","_links":{"self":[{"href":"https:\/\/nowakcare.pl\/ro\/wp-json\/wp\/v2\/pages\/296","targetHints":{"allow":["GET"]}}],"collection":[{"href":"https:\/\/nowakcare.pl\/ro\/wp-json\/wp\/v2\/pages"}],"about":[{"href":"https:\/\/nowakcare.pl\/ro\/wp-json\/wp\/v2\/types\/page"}],"author":[{"embeddable":true,"href":"https:\/\/nowakcare.pl\/ro\/wp-json\/wp\/v2\/users\/1"}],"replies":[{"embeddable":true,"href":"https:\/\/nowakcare.pl\/ro\/wp-json\/wp\/v2\/comments?post=296"}],"version-history":[{"count":7,"href":"https:\/\/nowakcare.pl\/ro\/wp-json\/wp\/v2\/pages\/296\/revisions"}],"predecessor-version":[{"id":1197,"href":"https:\/\/nowakcare.pl\/ro\/wp-json\/wp\/v2\/pages\/296\/revisions\/1197"}],"wp:attachment":[{"href":"https:\/\/nowakcare.pl\/ro\/wp-json\/wp\/v2\/media?parent=296"}],"curies":[{"name":"wp","href":"https:\/\/api.w.org\/{rel}","templated":true}]}}